{"id":5285,"date":"2016-01-20T13:53:14","date_gmt":"2016-01-20T12:53:14","guid":{"rendered":"http:\/\/www.dichecibo6.it\/new\/?page_id=5285"},"modified":"2017-07-03T11:27:47","modified_gmt":"2017-07-03T09:27:47","slug":"curriculum_nicoletta_arbusti","status":"publish","type":"page","link":"https:\/\/www.dichecibo6.it\/new\/curriculum_nicoletta_arbusti\/","title":{"rendered":"curriculum nicoletta arbusti"},"content":{"rendered":"<p>[vc_row type=&#8221;full_width_background&#8221; css=&#8221;.vc_custom_1448326879027{padding-top: 240px !important;padding-bottom: 240px !important;background-image: url(http:\/\/www.dichecibo6.it\/new\/wp-content\/uploads\/2014\/09\/now-or-never_perfecxt.jpg?id=5000) !important;background-position: center !important;background-repeat: no-repeat !important;background-size: cover !important;}&#8221; el_class=&#8221;aboutus_header&#8221;][vc_column][vc_column_text]<\/p>\n<h4><\/h4>\n<h4><span style=\"color: #333333;\"><span class=\"il\">Nicoletta<\/span> Arbusti, psicologa, psicoterapeuta, pedagogista e imprenditore, \u00e8 iscritta all&#8217;Ordine degli Psicologi della Regione Lazio.<\/span><\/h4>\n<h4><span style=\"color: #333333;\">\u00c8 libera professionista, ed \u00e8 stata Perito del Tribunale di Firenze.<\/span><\/h4>\n<h4><span style=\"color: #333333;\">Si \u00e8 laureata in Psicologia Clinica presso l&#8217;Universit\u00e0 di Roma e in Pedagogia all&#8217;Universit\u00e0 di Firenze.<\/span><\/h4>\n<h4><span style=\"color: #333333;\">Ha iniziato la sua formazione, nel 1979, presso l<span class=\"st\">&#8216;<\/span>Institut Ma\u00efeutique di Losanna, Fondazione a carattere post universitario, collegata all&#8217;Universit\u00e0 di Losanna.<\/span><\/h4>\n<h4><span style=\"color: #333333;\">\u00c8 stata allieva del Prof. Giovanni Mastropaolo, fondatore dell&#8217;<span class=\"st\">Institut Ma\u00efeutique<\/span>.<\/span><\/h4>\n<h4><span style=\"color: #333333;\">Come ipnologa clinica ha iniziato la sua formazione col Prof. Ulderigo Giannaccini, medico e ipnologo di fama, e col C.I.I.C.S. (Centro Italiano di Ipnosi Clinica Sperimentale) di Torino, fondato dal Prof. Franco Granone, Psichiatra e Primario neurologo.<\/span><\/h4>\n<h4><span style=\"color: #333333;\">In campo professionale si interessa, da sempre, a studi sulla voce, sul suono, sul metalinguaggio nella psicoterapia e nell&#8217;ipnosi clinica.<\/span><\/h4>\n<h4><span style=\"color: #333333;\">\u00c8 stata relatrice in varie Conferenze e Simposi in Italia e all&#8217;estero.<\/span><\/h4>\n<h4><span style=\"color: #333333;\">Ha pubblicato numerosi articoli su riviste scienfiche sui temi della psicoterapia, dell&#8217;ipnosi e della creativit\u00e0.<\/span><\/h4>\n<div>\n<h4><span style=\"color: #333333;\">\u00c8 autrice, insieme a Ulderigo Giannaccini, del \u201cManuale di logoterapia onirica in Ipnosi\u201d, pubblicato nel 1990, di tre volumi editi dall&#8217;Institut <span class=\"st\">Ma\u00efeutique <\/span>in lingua francese, e ha curato le pubblicazioni di vari testi per diverse case editrici italiane.<\/span><\/h4>\n<h4><span style=\"color: #333333;\">Ha fondato, a Firenze,\u00a0 l&#8217;Associazione Culturale Consonanze non-profit (2005), associazione anche di promozione sociale, riconosciuta dalla Regione Toscana, per la diffusione della conoscenza della Psicologia in relazione alle discipline affini (<a style=\"color: #333333;\" href=\"http:\/\/www.consonanze.it\" target=\"_blank\">www.consonanze.it<\/a>). <\/span><\/h4>\n<h4><span style=\"color: #333333;\">Per l&#8217;Associazione cura le relazioni esterne, i progetti culturali e scientifici.<br \/>\n<\/span><\/h4>\n<h4><span style=\"color: #333333;\">\u00c8 stata titolare di una Societ\u00e0 di Formazione Professionale, a Firenze: \u201cConsonanze per la Formazione\u201d (2006 &#8211; 2014 ).<br \/>\n<\/span><\/h4>\n<h4><span style=\"color: #333333;\">Nel 2015 ha fondato l&#8217;azienda DICHECIBO6? che include ART!GOSH! LifeStyle e DICHECIBO6? Edizioni.<br \/>\n<\/span><\/h4>\n<\/div>\n<p><a href=\"http:\/\/www.dichecibo6.it\/new\/wp-content\/uploads\/2016\/01\/nicoletta-by-bedarumica-10.jpg\"><img loading=\"lazy\" decoding=\"async\" class=\"wp-image-5306 aligncenter\" src=\"http:\/\/www.dichecibo6.it\/new\/wp-content\/uploads\/2016\/01\/nicoletta-by-bedarumica-10.jpg\" alt=\"Nicoletta Arbusti\" width=\"800\" height=\"532\" srcset=\"https:\/\/www.dichecibo6.it\/new\/wp-content\/uploads\/2016\/01\/nicoletta-by-bedarumica-10.jpg 720w, https:\/\/www.dichecibo6.it\/new\/wp-content\/uploads\/2016\/01\/nicoletta-by-bedarumica-10-600x399.jpg 600w, https:\/\/www.dichecibo6.it\/new\/wp-content\/uploads\/2016\/01\/nicoletta-by-bedarumica-10-300x200.jpg 300w\" sizes=\"auto, (max-width: 800px) 100vw, 800px\" \/><\/a><\/p>\n<p>&nbsp;<\/p>\n<h4 style=\"text-align: center;\"><span style=\"color: #808080;\"><a style=\"color: #808080;\" href=\"http:\/\/www.arbustinicoletta.com\/\" target=\"_blank\">SITO WEB PERSONALE : www.arbustinicoletta.com<\/a><\/span><\/h4>\n<p>&nbsp;<\/p>\n<p>&nbsp;<\/p>\n<p>&nbsp;<\/p>\n<p>&nbsp;<\/p>\n<p>&nbsp;<\/p>\n<p>&nbsp;<\/p>\n","protected":false},"excerpt":{"rendered":"<p>[vc_row type=&#8221;full_width_background&#8221; css=&#8221;.vc_custom_1448326879027{padding-top: 240px !important;padding-bottom: 240px !important;background-image: url(http:\/\/www.dichecibo6.it\/new\/wp-content\/uploads\/2014\/09\/now-or-never_perfecxt.jpg?id=5000) !important;background-position: [&hellip;]<\/p>\n","protected":false},"author":1,"featured_media":0,"parent":0,"menu_order":0,"comment_status":"closed","ping_status":"closed","template":"","meta":{"footnotes":""},"class_list":["post-5285","page","type-page","status-publish","hentry"],"_links":{"self":[{"href":"https:\/\/www.dichecibo6.it\/new\/wp-json\/wp\/v2\/pages\/5285","targetHints":{"allow":["GET"]}}],"collection":[{"href":"https:\/\/www.dichecibo6.it\/new\/wp-json\/wp\/v2\/pages"}],"about":[{"href":"https:\/\/www.dichecibo6.it\/new\/wp-json\/wp\/v2\/types\/page"}],"author":[{"embeddable":true,"href":"https:\/\/www.dichecibo6.it\/new\/wp-json\/wp\/v2\/users\/1"}],"replies":[{"embeddable":true,"href":"https:\/\/www.dichecibo6.it\/new\/wp-json\/wp\/v2\/comments?post=5285"}],"version-history":[{"count":39,"href":"https:\/\/www.dichecibo6.it\/new\/wp-json\/wp\/v2\/pages\/5285\/revisions"}],"predecessor-version":[{"id":6548,"href":"https:\/\/www.dichecibo6.it\/new\/wp-json\/wp\/v2\/pages\/5285\/revisions\/6548"}],"wp:attachment":[{"href":"https:\/\/www.dichecibo6.it\/new\/wp-json\/wp\/v2\/media?parent=5285"}],"curies":[{"name":"wp","href":"https:\/\/api.w.org\/{rel}","templated":true}]}}